{"id":175,"date":"2017-09-06T09:35:05","date_gmt":"2017-09-06T09:35:05","guid":{"rendered":"http:\/\/demo.curlythemes.com\/art-gallery-wp\/?page_id=175"},"modified":"2024-08-12T20:47:05","modified_gmt":"2024-08-12T18:47:05","slug":"collection","status":"publish","type":"page","link":"https:\/\/shanaads.com\/fr\/collection\/","title":{"rendered":"Collection"},"content":{"rendered":"<div class=\"wpb-content-wrapper\">[vc_row full_width=\u00a0\u00bbstretch_row\u00a0\u00bb curly_padding=\u00a0\u00bbcontent-padding-lg\u00a0\u00bb css=\u00a0\u00bb.vc_custom_1505138875462{padding-top: 10rem !important;background-color: #f5f5f5 !important;}\u00a0\u00bb][vc_column][vc_column_text css=\u00a0\u00bb\u00a0\u00bb]\n<h1 class=\"special-title display-1\" style=\"text-align: center;\"><small>EXPLOREZ NOTRE<\/small> Collection<\/h1>\n[\/vc_column_text][vc_masonry_grid post_type=\u00a0\u00bbpost\u00a0\u00bb max_items=\u00a0\u00bb100&Prime; show_filter=\u00a0\u00bbyes\u00a0\u00bb element_width=\u00a0\u00bb3&Prime; gap=\u00a0\u00bb15&Prime; filter_default_title=\u00a0\u00bb\u00a0\u00bb item=\u00a0\u00bbmasonryMedia_Default\u00a0\u00bb css=\u00a0\u00bb\u00a0\u00bb grid_id=\u00a0\u00bbvc_gid:1723488349427-5c3cd9f1283211b1a504ec63dc76ce08-5&Prime; filter_source=\u00a0\u00bbcategory\u00a0\u00bb exclude_filter=\u00a0\u00bb1, 38&Prime; taxonomies=\u00a0\u00bb38&Prime;][\/vc_column][\/vc_row][vc_row gap=\u00a0\u00bb35&Prime;][vc_column width=\u00a0\u00bb1\/3&Prime;][vc_column_text css=\u00a0\u00bb\u00a0\u00bb]\n<h2 style=\"text-align: left;\">D\u00e9couvrez notre Collection<\/h2>\n<p class=\"lead\">Impr\u00e9gnez-vous d&rsquo;un univers artistique d&rsquo;exception, o\u00f9 r\u00e8gne un raffinement absolu, caract\u00e9ristique des artistes de la Fondation Tano Kora.<\/p>\n[\/vc_column_text][vc_text_separator title=\u00a0\u00bb\u00a0\u00bb title_align=\u00a0\u00bbseparator_align_left\u00a0\u00bb css=\u00a0\u00bb\u00a0\u00bb][vc_column_text css=\u00a0\u00bb\u00a0\u00bb]\n<p data-sourcepos=\"5:1-5:18\">D\u00e9couvrez un univers o\u00f9 cr\u00e9ativit\u00e9 et sophistication s&rsquo;entrem\u00ealent. Chaque \u0153uvre de notre collection t\u00e9moigne du talent in\u00e9gal\u00e9 et de la vision unique de nos artistes. Plongez dans une diversit\u00e9 de styles et de m\u00e9diums, tous unis par un engagement ind\u00e9fectible \u00e0 l&rsquo;int\u00e9grit\u00e9 artistique.<\/p>\n<p data-sourcepos=\"7:1-7:89\">En explorant cette collection extraordinaire, vous devenez un connaisseur de l&rsquo;art contemporain. Votre appr\u00e9ciation de ces pi\u00e8ces contribue au d\u00e9veloppement d&rsquo;un \u00e9cosyst\u00e8me artistique au sein de la Fondation.<\/p>\n<p><a class=\"btn btn-link\" href=\"https:\/\/shanaads.com\/about-us\/#our-artists\">Rencontrez Nos Artistes<\/a>[\/vc_column_text][\/vc_column][vc_column width=\u00a0\u00bb7\/12&Prime; offset=\u00a0\u00bbvc_col-sm-offset-1&Prime;]<div class='xtd-timeline '><div class='xtd-timeline__item' data-title='1960'>[vc_single_image image=\u00a0\u00bb666&Prime; img_size=\u00a0\u00bbfull\u00a0\u00bb css=\u00a0\u00bb\u00a0\u00bb el_class=\u00a0\u00bbxtd-offset-frame\u00a0\u00bb][vc_column_text css=\u00a0\u00bb\u00a0\u00bb]\n<p style=\"text-align: center;\"><em>\u00ab\u00a0L&rsquo;art doit venir du peuple et \u00eatre compr\u00e9hensible par le peuple.\u00a0\u00bb<\/em> Jacob Lawrence<\/p>\n[\/vc_column_text]<\/div><div class='xtd-timeline__item' data-title='1982'>[vc_single_image image=\u00a0\u00bb656&Prime; img_size=\u00a0\u00bbfull\u00a0\u00bb css=\u00a0\u00bb\u00a0\u00bb el_class=\u00a0\u00bbxtd-offset-frame\u00a0\u00bb][vc_column_text css=\u00a0\u00bb\u00a0\u00bb]\n<p style=\"text-align: center;\"><em class=\"\">\u00ab\u00a0Je ne pense pas \u00e0 l&rsquo;art quand je travaille. J&rsquo;essaie de penser \u00e0 la vie.\u00a0\u00bb<\/em>\u00a0 Jean-Michel Basquiat<\/p>\n[\/vc_column_text]<\/div><\/div>[\/vc_column][\/vc_row]\n<\/div>","protected":false},"excerpt":{"rendered":"<p>[vc_row full_width=\u00a0\u00bbstretch_row\u00a0\u00bb curly_padding=\u00a0\u00bbcontent-padding-lg\u00a0\u00bb css=\u00a0\u00bb.vc_custom_1505138875462{padding-top: 10rem !important;background-color: #f5f5f5 !important;}\u00a0\u00bb][vc_column][vc_column_text css=\u00a0\u00bb\u00a0\u00bb] EXPLOREZ NOTRE Collection [\/vc_column_text][vc_masonry_grid post_type=\u00a0\u00bbpost\u00a0\u00bb max_items=\u00a0\u00bb100&Prime; show_filter=\u00a0\u00bbyes\u00a0\u00bb element_width=\u00a0\u00bb3&Prime; gap=\u00a0\u00bb15&Prime; filter_default_title=\u00a0\u00bb\u00a0\u00bb item=\u00a0\u00bbmasonryMedia_Default\u00a0\u00bb css=\u00a0\u00bb\u00a0\u00bb grid_id=\u00a0\u00bbvc_gid:1723488349427-5c3cd9f1283211b1a504ec63dc76ce08-5&Prime; filter_source=\u00a0\u00bbcategory\u00a0\u00bb exclude_filter=\u00a0\u00bb1, 38&Prime; taxonomies=\u00a0\u00bb38&Prime;][\/vc_column][\/vc_row][vc_row gap=\u00a0\u00bb35&Prime;][vc_column width=\u00a0\u00bb1\/3&Prime;][vc_column_text css=\u00a0\u00bb\u00a0\u00bb] D\u00e9couvrez notre Collection Impr\u00e9gnez-vous d&rsquo;un univers artistique d&rsquo;exception, o\u00f9 r\u00e8gne un raffinement absolu, caract\u00e9ristique des artistes de la Fondation Tano Kora. [\/vc_column_text][vc_text_separator title=\u00a0\u00bb\u00a0\u00bb title_align=\u00a0\u00bbseparator_align_left\u00a0\u00bb css=\u00a0\u00bb\u00a0\u00bb][vc_column_text css=\u00a0\u00bb\u00a0\u00bb] D\u00e9couvrez un univers o\u00f9 cr\u00e9ativit\u00e9 [&hellip;]<\/p>\n","protected":false},"author":1,"featured_media":0,"parent":0,"menu_order":0,"comment_status":"closed","ping_status":"closed","template":"","meta":{"footnotes":""},"class_list":["post-175","page","type-page","status-publish","hentry"],"_links":{"self":[{"href":"https:\/\/shanaads.com\/fr\/wp-json\/wp\/v2\/pages\/175","targetHints":{"allow":["GET"]}}],"collection":[{"href":"https:\/\/shanaads.com\/fr\/wp-json\/wp\/v2\/pages"}],"about":[{"href":"https:\/\/shanaads.com\/fr\/wp-json\/wp\/v2\/types\/page"}],"author":[{"embeddable":true,"href":"https:\/\/shanaads.com\/fr\/wp-json\/wp\/v2\/users\/1"}],"replies":[{"embeddable":true,"href":"https:\/\/shanaads.com\/fr\/wp-json\/wp\/v2\/comments?post=175"}],"version-history":[{"count":25,"href":"https:\/\/shanaads.com\/fr\/wp-json\/wp\/v2\/pages\/175\/revisions"}],"predecessor-version":[{"id":1139,"href":"https:\/\/shanaads.com\/fr\/wp-json\/wp\/v2\/pages\/175\/revisions\/1139"}],"wp:attachment":[{"href":"https:\/\/shanaads.com\/fr\/wp-json\/wp\/v2\/media?parent=175"}],"curies":[{"name":"wp","href":"https:\/\/api.w.org\/{rel}","templated":true}]}}