{"id":210,"date":"2017-09-05T10:31:10","date_gmt":"2017-09-05T10:31:10","guid":{"rendered":"http:\/\/demo.curlythemes.com\/art-gallery-wp\/?page_id=74"},"modified":"2024-08-12T21:55:58","modified_gmt":"2024-08-12T19:55:58","slug":"home","status":"publish","type":"page","link":"https:\/\/shanaads.com\/fr\/","title":{"rendered":"Accueil"},"content":{"rendered":"<div class=\"wpb-content-wrapper\">[vc_row full_width=\u00a0\u00bbstretch_row\u00a0\u00bb content_placement=\u00a0\u00bbmiddle\u00a0\u00bb curly_bg_repeat=\u00a0\u00bbbg-no-repeat\u00a0\u00bb curly_bg_position=\u00a0\u00bbbg-pos-center-bottom\u00a0\u00bb curly_bg_parallax=\u00a0\u00bbtrue\u00a0\u00bb css=\u00a0\u00bb.vc_custom_1722528108393{padding-top: 10rem !important;background-color: #f5f5f5 !important;background-position: center !important;background-repeat: no-repeat !important;background-size: cover !important;}\u00a0\u00bb][vc_column width=\u00a0\u00bb5\/12&Prime; css=\u00a0\u00bb.vc_custom_1722021426816{padding-top: 10px !important;}\u00a0\u00bb][vc_column_text css=\u00a0\u00bb\u00a0\u00bb]\n<h1 class=\"display-1\"><small>LA PRESTIGIEUSE FONDATION<\/small>Tano Kora<\/h1>\n<p class=\"lead lead-lg\">BIENVENUE CHEZ SHANAADS : LE HAVRE DES BEAUX-ARTS<\/p>\n<p>Notre fondation est honor\u00e9e de vous pr\u00e9senter Shanaads, une plateforme exclusive d\u00e9di\u00e9e aux collectionneurs exigeants. D\u00e9couvrez des pi\u00e8ces exceptionnelles d&rsquo;artistes renomm\u00e9s et \u00e9mergents. Plongez au c\u0153ur d&rsquo;un univers artistique exclusif et d\u00e9couvrez des \u0153uvres d&rsquo;art uniques.<\/p>\n<p><a class=\"btn btn-link smooth-scroll\" href=\"#masterpieces\">Collectionnez<\/a>\u00a0 \u00a0 \u00a0 <a class=\"btn btn-link smooth-scroll\" href=\"#single-event\">\u00c9v\u00e8nement Sp\u00e9cial<\/a>[\/vc_column_text][\/vc_column][vc_column width=\u00a0\u00bb1\/2&Prime; offset=\u00a0\u00bbvc_col-sm-offset-1&Prime;][vc_single_image image=\u00a0\u00bb596&Prime; img_size=\u00a0\u00bbfull\u00a0\u00bb style=\u00a0\u00bbxtd-shadow&#8211;large-normal\u00a0\u00bb onclick=\u00a0\u00bbcustom_link\u00a0\u00bb img_link_target=\u00a0\u00bb_blank\u00a0\u00bb css=\u00a0\u00bb.vc_custom_1722008653532{margin-right: 4rem !important;}\u00a0\u00bb el_class=\u00a0\u00bbxtd-offset-frame xtd-margin&#8211;bottom-3&Prime; link=\u00a0\u00bbhttp:\/\/tanokora.org\u00a0\u00bb][\/vc_column][\/vc_row][vc_row curly_padding=\u00a0\u00bbcontent-padding-xl\u00a0\u00bb css=\u00a0\u00bb.vc_custom_1722639708247{padding-top: 50px !important;}\u00a0\u00bb el_id=\u00a0\u00bbmasterpieces\u00a0\u00bb][vc_column][vc_column_text css=\u00a0\u00bb\u00a0\u00bb]\n<h4 class=\"display-2\" style=\"text-align: center;\"><small>NOUVELLE S\u00c9LECTION<\/small><small><\/small><\/h4>\n<h1 class=\"special-title display-2\" style=\"text-align: center;\">Chef-d&rsquo;\u0153uvres<\/h1>\n[\/vc_column_text]<div class=\"woocommerce columns-4 \"><ul class=\"products columns-4\">\n<li class=\"post-4492 product type-product status-publish product_cat-test first instock shipping-taxable product-type-simple\">\n\t<a href=\"https:\/\/shanaads.com\/fr\/product\/product-3040\/\" class=\"woocommerce-LoopProduct-link woocommerce-loop-product__link\"><img loading=\"lazy\" decoding=\"async\" width=\"800\" height=\"800\" src=\"https:\/\/shanaads.com\/wp-content\/uploads\/woocommerce-placeholder.png\" class=\"woocommerce-placeholder wp-post-image\" alt=\"Placeholder\" srcset=\"https:\/\/shanaads.com\/wp-content\/uploads\/woocommerce-placeholder.png 1200w, https:\/\/shanaads.com\/wp-content\/uploads\/woocommerce-placeholder-300x300.png 300w, https:\/\/shanaads.com\/wp-content\/uploads\/woocommerce-placeholder-1024x1024.png 1024w, https:\/\/shanaads.com\/wp-content\/uploads\/woocommerce-placeholder-150x150.png 150w, https:\/\/shanaads.com\/wp-content\/uploads\/woocommerce-placeholder-768x768.png 768w\" sizes=\"auto, (max-width: 800px) 100vw, 800px\" \/><h2 class=\"woocommerce-loop-product__title\">Product<\/h2>\n<\/a><a href=\"https:\/\/shanaads.com\/fr\/product\/product-3040\/\" aria-describedby=\"woocommerce_loop_add_to_cart_link_describedby_4492\" data-quantity=\"1\" class=\"button product_type_simple\" data-product_id=\"4492\" data-product_sku=\"\" aria-label=\"Read more about &ldquo;Product&rdquo;\" rel=\"nofollow\" data-success_message=\"\">Read more<\/a>\t<span id=\"woocommerce_loop_add_to_cart_link_describedby_4492\" class=\"screen-reader-text\">\n\t\t\t<\/span>\n<\/li>\n<li class=\"post-4491 product type-product status-publish product_cat-test  instock shipping-taxable product-type-simple\">\n\t<a href=\"https:\/\/shanaads.com\/fr\/product\/product-3039\/\" class=\"woocommerce-LoopProduct-link woocommerce-loop-product__link\"><img loading=\"lazy\" decoding=\"async\" width=\"800\" height=\"800\" src=\"https:\/\/shanaads.com\/wp-content\/uploads\/woocommerce-placeholder.png\" class=\"woocommerce-placeholder wp-post-image\" alt=\"Placeholder\" srcset=\"https:\/\/shanaads.com\/wp-content\/uploads\/woocommerce-placeholder.png 1200w, https:\/\/shanaads.com\/wp-content\/uploads\/woocommerce-placeholder-300x300.png 300w, https:\/\/shanaads.com\/wp-content\/uploads\/woocommerce-placeholder-1024x1024.png 1024w, https:\/\/shanaads.com\/wp-content\/uploads\/woocommerce-placeholder-150x150.png 150w, https:\/\/shanaads.com\/wp-content\/uploads\/woocommerce-placeholder-768x768.png 768w\" sizes=\"auto, (max-width: 800px) 100vw, 800px\" \/><h2 class=\"woocommerce-loop-product__title\">Product<\/h2>\n<\/a><a href=\"https:\/\/shanaads.com\/fr\/product\/product-3039\/\" aria-describedby=\"woocommerce_loop_add_to_cart_link_describedby_4491\" data-quantity=\"1\" class=\"button product_type_simple\" data-product_id=\"4491\" data-product_sku=\"\" aria-label=\"Read more about &ldquo;Product&rdquo;\" rel=\"nofollow\" data-success_message=\"\">Read more<\/a>\t<span id=\"woocommerce_loop_add_to_cart_link_describedby_4491\" class=\"screen-reader-text\">\n\t\t\t<\/span>\n<\/li>\n<li class=\"post-4490 product type-product status-publish product_cat-test  instock shipping-taxable product-type-simple\">\n\t<a href=\"https:\/\/shanaads.com\/fr\/product\/product-3038\/\" class=\"woocommerce-LoopProduct-link woocommerce-loop-product__link\"><img loading=\"lazy\" decoding=\"async\" width=\"800\" height=\"800\" src=\"https:\/\/shanaads.com\/wp-content\/uploads\/woocommerce-placeholder.png\" class=\"woocommerce-placeholder wp-post-image\" alt=\"Placeholder\" srcset=\"https:\/\/shanaads.com\/wp-content\/uploads\/woocommerce-placeholder.png 1200w, https:\/\/shanaads.com\/wp-content\/uploads\/woocommerce-placeholder-300x300.png 300w, https:\/\/shanaads.com\/wp-content\/uploads\/woocommerce-placeholder-1024x1024.png 1024w, https:\/\/shanaads.com\/wp-content\/uploads\/woocommerce-placeholder-150x150.png 150w, https:\/\/shanaads.com\/wp-content\/uploads\/woocommerce-placeholder-768x768.png 768w\" sizes=\"auto, (max-width: 800px) 100vw, 800px\" \/><h2 class=\"woocommerce-loop-product__title\">Product<\/h2>\n<\/a><a href=\"https:\/\/shanaads.com\/fr\/product\/product-3038\/\" aria-describedby=\"woocommerce_loop_add_to_cart_link_describedby_4490\" data-quantity=\"1\" class=\"button product_type_simple\" data-product_id=\"4490\" data-product_sku=\"\" aria-label=\"Read more about &ldquo;Product&rdquo;\" rel=\"nofollow\" data-success_message=\"\">Read more<\/a>\t<span id=\"woocommerce_loop_add_to_cart_link_describedby_4490\" class=\"screen-reader-text\">\n\t\t\t<\/span>\n<\/li>\n<li class=\"post-4489 product type-product status-publish product_cat-test last instock shipping-taxable product-type-simple\">\n\t<a href=\"https:\/\/shanaads.com\/fr\/product\/product-3037\/\" class=\"woocommerce-LoopProduct-link woocommerce-loop-product__link\"><img loading=\"lazy\" decoding=\"async\" width=\"800\" height=\"800\" src=\"https:\/\/shanaads.com\/wp-content\/uploads\/woocommerce-placeholder.png\" class=\"woocommerce-placeholder wp-post-image\" alt=\"Placeholder\" srcset=\"https:\/\/shanaads.com\/wp-content\/uploads\/woocommerce-placeholder.png 1200w, https:\/\/shanaads.com\/wp-content\/uploads\/woocommerce-placeholder-300x300.png 300w, https:\/\/shanaads.com\/wp-content\/uploads\/woocommerce-placeholder-1024x1024.png 1024w, https:\/\/shanaads.com\/wp-content\/uploads\/woocommerce-placeholder-150x150.png 150w, https:\/\/shanaads.com\/wp-content\/uploads\/woocommerce-placeholder-768x768.png 768w\" sizes=\"auto, (max-width: 800px) 100vw, 800px\" \/><h2 class=\"woocommerce-loop-product__title\">Product<\/h2>\n<\/a><a href=\"https:\/\/shanaads.com\/fr\/product\/product-3037\/\" aria-describedby=\"woocommerce_loop_add_to_cart_link_describedby_4489\" data-quantity=\"1\" class=\"button product_type_simple\" data-product_id=\"4489\" data-product_sku=\"\" aria-label=\"Read more about &ldquo;Product&rdquo;\" rel=\"nofollow\" data-success_message=\"\">Read more<\/a>\t<span id=\"woocommerce_loop_add_to_cart_link_describedby_4489\" class=\"screen-reader-text\">\n\t\t\t<\/span>\n<\/li>\n<li class=\"post-4488 product type-product status-publish product_cat-test first instock shipping-taxable product-type-simple\">\n\t<a href=\"https:\/\/shanaads.com\/fr\/product\/product-3036\/\" class=\"woocommerce-LoopProduct-link woocommerce-loop-product__link\"><img loading=\"lazy\" decoding=\"async\" width=\"800\" height=\"800\" src=\"https:\/\/shanaads.com\/wp-content\/uploads\/woocommerce-placeholder.png\" class=\"woocommerce-placeholder wp-post-image\" alt=\"Placeholder\" srcset=\"https:\/\/shanaads.com\/wp-content\/uploads\/woocommerce-placeholder.png 1200w, https:\/\/shanaads.com\/wp-content\/uploads\/woocommerce-placeholder-300x300.png 300w, https:\/\/shanaads.com\/wp-content\/uploads\/woocommerce-placeholder-1024x1024.png 1024w, https:\/\/shanaads.com\/wp-content\/uploads\/woocommerce-placeholder-150x150.png 150w, https:\/\/shanaads.com\/wp-content\/uploads\/woocommerce-placeholder-768x768.png 768w\" sizes=\"auto, (max-width: 800px) 100vw, 800px\" \/><h2 class=\"woocommerce-loop-product__title\">Product<\/h2>\n<\/a><a href=\"https:\/\/shanaads.com\/fr\/product\/product-3036\/\" aria-describedby=\"woocommerce_loop_add_to_cart_link_describedby_4488\" data-quantity=\"1\" class=\"button product_type_simple\" data-product_id=\"4488\" data-product_sku=\"\" aria-label=\"Read more about &ldquo;Product&rdquo;\" rel=\"nofollow\" data-success_message=\"\">Read more<\/a>\t<span id=\"woocommerce_loop_add_to_cart_link_describedby_4488\" class=\"screen-reader-text\">\n\t\t\t<\/span>\n<\/li>\n<li class=\"post-4487 product type-product status-publish product_cat-test  instock shipping-taxable product-type-simple\">\n\t<a href=\"https:\/\/shanaads.com\/fr\/product\/product-3035\/\" class=\"woocommerce-LoopProduct-link woocommerce-loop-product__link\"><img loading=\"lazy\" decoding=\"async\" width=\"800\" height=\"800\" src=\"https:\/\/shanaads.com\/wp-content\/uploads\/woocommerce-placeholder.png\" class=\"woocommerce-placeholder wp-post-image\" alt=\"Placeholder\" srcset=\"https:\/\/shanaads.com\/wp-content\/uploads\/woocommerce-placeholder.png 1200w, https:\/\/shanaads.com\/wp-content\/uploads\/woocommerce-placeholder-300x300.png 300w, https:\/\/shanaads.com\/wp-content\/uploads\/woocommerce-placeholder-1024x1024.png 1024w, https:\/\/shanaads.com\/wp-content\/uploads\/woocommerce-placeholder-150x150.png 150w, https:\/\/shanaads.com\/wp-content\/uploads\/woocommerce-placeholder-768x768.png 768w\" sizes=\"auto, (max-width: 800px) 100vw, 800px\" \/><h2 class=\"woocommerce-loop-product__title\">Product<\/h2>\n<\/a><a href=\"https:\/\/shanaads.com\/fr\/product\/product-3035\/\" aria-describedby=\"woocommerce_loop_add_to_cart_link_describedby_4487\" data-quantity=\"1\" class=\"button product_type_simple\" data-product_id=\"4487\" data-product_sku=\"\" aria-label=\"Read more about &ldquo;Product&rdquo;\" rel=\"nofollow\" data-success_message=\"\">Read more<\/a>\t<span id=\"woocommerce_loop_add_to_cart_link_describedby_4487\" class=\"screen-reader-text\">\n\t\t\t<\/span>\n<\/li>\n<li class=\"post-4486 product type-product status-publish product_cat-test  instock shipping-taxable product-type-simple\">\n\t<a href=\"https:\/\/shanaads.com\/fr\/product\/product-3034\/\" class=\"woocommerce-LoopProduct-link woocommerce-loop-product__link\"><img loading=\"lazy\" decoding=\"async\" width=\"800\" height=\"800\" src=\"https:\/\/shanaads.com\/wp-content\/uploads\/woocommerce-placeholder.png\" class=\"woocommerce-placeholder wp-post-image\" alt=\"Placeholder\" srcset=\"https:\/\/shanaads.com\/wp-content\/uploads\/woocommerce-placeholder.png 1200w, https:\/\/shanaads.com\/wp-content\/uploads\/woocommerce-placeholder-300x300.png 300w, https:\/\/shanaads.com\/wp-content\/uploads\/woocommerce-placeholder-1024x1024.png 1024w, https:\/\/shanaads.com\/wp-content\/uploads\/woocommerce-placeholder-150x150.png 150w, https:\/\/shanaads.com\/wp-content\/uploads\/woocommerce-placeholder-768x768.png 768w\" sizes=\"auto, (max-width: 800px) 100vw, 800px\" \/><h2 class=\"woocommerce-loop-product__title\">Product<\/h2>\n<\/a><a href=\"https:\/\/shanaads.com\/fr\/product\/product-3034\/\" aria-describedby=\"woocommerce_loop_add_to_cart_link_describedby_4486\" data-quantity=\"1\" class=\"button product_type_simple\" data-product_id=\"4486\" data-product_sku=\"\" aria-label=\"Read more about &ldquo;Product&rdquo;\" rel=\"nofollow\" data-success_message=\"\">Read more<\/a>\t<span id=\"woocommerce_loop_add_to_cart_link_describedby_4486\" class=\"screen-reader-text\">\n\t\t\t<\/span>\n<\/li>\n<li class=\"post-4485 product type-product status-publish product_cat-test last instock shipping-taxable product-type-simple\">\n\t<a href=\"https:\/\/shanaads.com\/fr\/product\/product-3033\/\" class=\"woocommerce-LoopProduct-link woocommerce-loop-product__link\"><img loading=\"lazy\" decoding=\"async\" width=\"800\" height=\"800\" src=\"https:\/\/shanaads.com\/wp-content\/uploads\/woocommerce-placeholder.png\" class=\"woocommerce-placeholder wp-post-image\" alt=\"Placeholder\" srcset=\"https:\/\/shanaads.com\/wp-content\/uploads\/woocommerce-placeholder.png 1200w, https:\/\/shanaads.com\/wp-content\/uploads\/woocommerce-placeholder-300x300.png 300w, https:\/\/shanaads.com\/wp-content\/uploads\/woocommerce-placeholder-1024x1024.png 1024w, https:\/\/shanaads.com\/wp-content\/uploads\/woocommerce-placeholder-150x150.png 150w, https:\/\/shanaads.com\/wp-content\/uploads\/woocommerce-placeholder-768x768.png 768w\" sizes=\"auto, (max-width: 800px) 100vw, 800px\" \/><h2 class=\"woocommerce-loop-product__title\">Product<\/h2>\n<\/a><a href=\"https:\/\/shanaads.com\/fr\/product\/product-3033\/\" aria-describedby=\"woocommerce_loop_add_to_cart_link_describedby_4485\" data-quantity=\"1\" class=\"button product_type_simple\" data-product_id=\"4485\" data-product_sku=\"\" aria-label=\"Read more about &ldquo;Product&rdquo;\" rel=\"nofollow\" data-success_message=\"\">Read more<\/a>\t<span id=\"woocommerce_loop_add_to_cart_link_describedby_4485\" class=\"screen-reader-text\">\n\t\t\t<\/span>\n<\/li>\n<\/ul>\n<\/div>[vc_btn title=\u00a0\u00bbVoir la boutique compl\u00e8te\u00a0\u00bb style=\u00a0\u00bbbtn-outline-primary\u00a0\u00bb size=\u00a0\u00bblg\u00a0\u00bb align=\u00a0\u00bbcenter\u00a0\u00bb i_align=\u00a0\u00bbright\u00a0\u00bb i_icon_fontawesome=\u00a0\u00bb\u00a0\u00bb css=\u00a0\u00bb.vc_custom_1723484086823{padding-top: 20px !important;}\u00a0\u00bb add_icon=\u00a0\u00bbtrue\u00a0\u00bb link=\u00a0\u00bburl:https%3A%2F%2Fshanaads.com%2Fshop%2F|title:Shop\u00a0\u00bb][\/vc_column][\/vc_row][vc_row gap=\u00a0\u00bb35&Prime; css=\u00a0\u00bb.vc_custom_1722633233274{margin-bottom: 6rem !important;border-top-width: 1rem !important;border-right-width: 1rem !important;border-bottom-width: 1rem !important;border-left-width: 1rem !important;border-left-style: solid !important;border-right-style: solid !important;border-top-style: solid !important;border-bottom-style: solid !important;border-color: #f5f0e5 !important;}\u00a0\u00bb el_id=\u00a0\u00bbsingle-event\u00a0\u00bb][vc_column width=\u00a0\u00bb5\/12&Prime; offset=\u00a0\u00bbvc_col-sm-offset-1&Prime;][vc_single_image image=\u00a0\u00bb616&Prime; img_size=\u00a0\u00bbfull\u00a0\u00bb style=\u00a0\u00bbxtd-shadow&#8211;large-normal\u00a0\u00bb onclick=\u00a0\u00bbcustom_link\u00a0\u00bb img_link_target=\u00a0\u00bb_blank\u00a0\u00bb css=\u00a0\u00bb\u00a0\u00bb el_class=\u00a0\u00bbxtd-offset-frame\u00a0\u00bb link=\u00a0\u00bbhttp:\/\/tanokora.com\u00a0\u00bb][\/vc_column][vc_column width=\u00a0\u00bb1\/3&Prime; offset=\u00a0\u00bbvc_col-sm-offset-1&Prime;][vc_column_text css=\u00a0\u00bb\u00a0\u00bb]\n<h1 class=\"display-2\"><small>LE CLUB D&rsquo;AFFAIRES<\/small>R\u00e9union Sp\u00e9ciale<\/h1>\n<p class=\"lead\">LES TANOS : UN RASSEMBLEMENT EXCLUSIF DE GRANDS ESPRITS<\/p>\n<p>La premi\u00e8re r\u00e9union du Club Tano Kora aura lieu en 2025. La date et le lieu exacts seront communiqu\u00e9s en temps voulu aux membres s\u00e9lectionn\u00e9s. Soyez pr\u00eats ![\/vc_column_text][vc_btn title=\u00a0\u00bbREJOIGNEZ-NOUS\u00a0\u00bb style=\u00a0\u00bbcustom\u00a0\u00bb custom_background=\u00a0\u00bb#000000&Prime; custom_text=\u00a0\u00bb#ffffff\u00a0\u00bb css=\u00a0\u00bb\u00a0\u00bb link=\u00a0\u00bburl:https%3A%2F%2Ftanokora.com%2Fportfolio%2Frequest%2F|title:Appy%20to%20Join|target:_blank\u00a0\u00bb][\/vc_column][\/vc_row][vc_row curly_padding=\u00a0\u00bbcontent-padding-lg\u00a0\u00bb css=\u00a0\u00bb.vc_custom_1722629737888{padding-top: 0px !important;}\u00a0\u00bb][vc_column][vc_column_text css=\u00a0\u00bb\u00a0\u00bb]\n<h4 class=\"display-2\" style=\"text-align: center;\"><small>Artistes Tano Kora<\/small><\/h4>\n<h1 class=\"display-2\" style=\"text-align: center;\">Explorez notre Collection<\/h1>\n<p>&nbsp;[\/vc_column_text][vc_masonry_grid post_type=\u00a0\u00bbpost\u00a0\u00bb max_items=\u00a0\u00bb4&Prime; element_width=\u00a0\u00bb3&Prime; gap=\u00a0\u00bb10&Prime; item=\u00a0\u00bbmediaGrid_Default\u00a0\u00bb css=\u00a0\u00bb\u00a0\u00bb grid_id=\u00a0\u00bbvc_gid:1723488584934-066735e84ec5082e7dbaf5425b2a233b-6&Prime; taxonomies=\u00a0\u00bb38&Prime; exclude=\u00a0\u00bb190&Prime;][vc_btn title=\u00a0\u00bbVoir la collection compl\u00e8te\u00a0\u00bb style=\u00a0\u00bbbtn-outline-primary\u00a0\u00bb size=\u00a0\u00bblg\u00a0\u00bb align=\u00a0\u00bbcenter\u00a0\u00bb i_align=\u00a0\u00bbright\u00a0\u00bb i_icon_fontawesome=\u00a0\u00bb\u00a0\u00bb css=\u00a0\u00bb.vc_custom_1723485257653{padding-top: 20px !important;}\u00a0\u00bb add_icon=\u00a0\u00bbtrue\u00a0\u00bb link=\u00a0\u00bburl:https%3A%2F%2Fshanaads.com%2Fcollection%2F|title:Collection\u00a0\u00bb][\/vc_column][\/vc_row]\n<\/div>","protected":false},"excerpt":{"rendered":"<p>[vc_row full_width=\u00a0\u00bbstretch_row\u00a0\u00bb content_placement=\u00a0\u00bbmiddle\u00a0\u00bb curly_bg_repeat=\u00a0\u00bbbg-no-repeat\u00a0\u00bb curly_bg_position=\u00a0\u00bbbg-pos-center-bottom\u00a0\u00bb curly_bg_parallax=\u00a0\u00bbtrue\u00a0\u00bb css=\u00a0\u00bb.vc_custom_1722528108393{padding-top: 10rem !important;background-color: #f5f5f5 !important;background-position: center !important;background-repeat: no-repeat !important;background-size: cover !important;}\u00a0\u00bb][vc_column width=\u00a0\u00bb5\/12&Prime; css=\u00a0\u00bb.vc_custom_1722021426816{padding-top: 10px !important;}\u00a0\u00bb][vc_column_text css=\u00a0\u00bb\u00a0\u00bb] LA PRESTIGIEUSE FONDATIONTano Kora BIENVENUE CHEZ SHANAADS : LE HAVRE DES BEAUX-ARTS Notre fondation est honor\u00e9e de vous pr\u00e9senter Shanaads, une plateforme exclusive d\u00e9di\u00e9e aux collectionneurs exigeants. D\u00e9couvrez des pi\u00e8ces exceptionnelles d&rsquo;artistes renomm\u00e9s et \u00e9mergents. Plongez au c\u0153ur [&hellip;]<\/p>\n","protected":false},"author":1,"featured_media":0,"parent":0,"menu_order":0,"comment_status":"closed","ping_status":"closed","template":"","meta":{"footnotes":""},"class_list":["post-210","page","type-page","status-publish","hentry"],"_links":{"self":[{"href":"https:\/\/shanaads.com\/fr\/wp-json\/wp\/v2\/pages\/210","targetHints":{"allow":["GET"]}}],"collection":[{"href":"https:\/\/shanaads.com\/fr\/wp-json\/wp\/v2\/pages"}],"about":[{"href":"https:\/\/shanaads.com\/fr\/wp-json\/wp\/v2\/types\/page"}],"author":[{"embeddable":true,"href":"https:\/\/shanaads.com\/fr\/wp-json\/wp\/v2\/users\/1"}],"replies":[{"embeddable":true,"href":"https:\/\/shanaads.com\/fr\/wp-json\/wp\/v2\/comments?post=210"}],"version-history":[{"count":95,"href":"https:\/\/shanaads.com\/fr\/wp-json\/wp\/v2\/pages\/210\/revisions"}],"predecessor-version":[{"id":1149,"href":"https:\/\/shanaads.com\/fr\/wp-json\/wp\/v2\/pages\/210\/revisions\/1149"}],"wp:attachment":[{"href":"https:\/\/shanaads.com\/fr\/wp-json\/wp\/v2\/media?parent=210"}],"curies":[{"name":"wp","href":"https:\/\/api.w.org\/{rel}","templated":true}]}}