{"id":212,"date":"2017-09-05T10:49:47","date_gmt":"2017-09-05T10:49:47","guid":{"rendered":"http:\/\/demo.curlythemes.com\/art-gallery-wp\/?page_id=80"},"modified":"2024-08-29T20:35:38","modified_gmt":"2024-08-29T18:35:38","slug":"about-us","status":"publish","type":"page","link":"https:\/\/shanaads.com\/fr\/about-us\/","title":{"rendered":"\u00c0 propos"},"content":{"rendered":"<div class=\"wpb-content-wrapper\">[vc_row full_width=\u00a0\u00bbstretch_row\u00a0\u00bb curly_bg_repeat=\u00a0\u00bbbg-no-repeat\u00a0\u00bb curly_bg_position=\u00a0\u00bbbg-pos-center-bottom\u00a0\u00bb curly_padding=\u00a0\u00bbcontent-padding-lg\u00a0\u00bb css=\u00a0\u00bb.vc_custom_1504179041831{padding-top: 15% !important;background-color: #f5f5f5 !important;background-position: center !important;background-repeat: no-repeat !important;background-size: cover !important;}\u00a0\u00bb][vc_column width=\u00a0\u00bb1\/2&Prime;][vc_empty_space height=\u00a0\u00bb\u00a0\u00bb el_class=\u00a0\u00bbxtd-spacer&#8211;lg\u00a0\u00bb][vc_column_text css=\u00a0\u00bb\u00a0\u00bb]\n<h1 class=\"display-1\">\u00c0 propos<\/h1>\n[\/vc_column_text][vc_column_text css=\u00a0\u00bb\u00a0\u00bb]\n<p class=\"lead lead-lg\">Shanaads est une place de march\u00e9 mondiale de premier plan d\u00e9di\u00e9e \u00e0 l&rsquo;art, sous l&rsquo;\u00e9gide de la Fondation Tano Kora. Nous proposons des \u0153uvres d&rsquo;art d&rsquo;exception, avec une attention port\u00e9e aux talents diversifi\u00e9s des artistes africains.<\/p>\n[\/vc_column_text][vc_row_inner][vc_column_inner width=\u00a0\u00bb1\/2&Prime;][vc_column_text css=\u00a0\u00bb\u00a0\u00bb]No one rejects, dislikes, or avoids pleasure itself, because it is pleasure, but because those who do not know how to pursue pleasure.<\/p>\n<p>Dependent add middleton ask disposing admitting did sportsmen sportsman.[\/vc_column_text][\/vc_column_inner][vc_column_inner width=\u00a0\u00bb1\/2&Prime;][vc_column_text css=\u00a0\u00bb\u00a0\u00bb]Men but they fail shew just wish next put. Led all visitor musical calling nor her. Within coming figure sex things are.<\/p>\n<p><b>Sir Edward Yapi<\/b><br \/>\nCEO &#038; Business Manager (Shanaads)<br \/>\nFounder &#038; Admiral (Tano Kora Foundation)[\/vc_column_text][\/vc_column_inner][\/vc_row_inner][\/vc_column][vc_column width=\u00a0\u00bb5\/12&Prime; offset=\u00a0\u00bbvc_col-sm-offset-1&Prime;][vc_single_image image=\u00a0\u00bb273&Prime; img_size=\u00a0\u00bblarge\u00a0\u00bb style=\u00a0\u00bbxtd-shadow&#8211;normal-normal\u00a0\u00bb css=\u00a0\u00bb\u00a0\u00bb el_class=\u00a0\u00bbxtd-offset-frame\u00a0\u00bb][\/vc_column][\/vc_row][vc_row full_width=\u00a0\u00bbstretch_row\u00a0\u00bb gap=\u00a0\u00bb35&Prime; curly_padding=\u00a0\u00bbcontent-padding\u00a0\u00bb css=\u00a0\u00bb.vc_custom_1722641023054{padding-top: 0px !important;background-color: #f5f5f5 !important;}\u00a0\u00bb el_id=\u00a0\u00bbour-artists\u00a0\u00bb][vc_column][vc_column_text css=\u00a0\u00bb\u00a0\u00bb]\n<h1 class=\"display-1 special-title\" style=\"text-align: center;\">Nos Artistes<\/h1>\n[\/vc_column_text][\/vc_column][vc_column width=\u00a0\u00bb1\/3&Prime;]<div class='xtd-person  '><div class='xtd-person__image color-primary xtd-shadow--normal-light'><a href='https:\/\/shanaads.com\/about-us\/artist-1\/' title='Ismael Tamek'><img loading=\"lazy\" decoding=\"async\" width=\"660\" height=\"440\" src=\"https:\/\/shanaads.com\/wp-content\/uploads\/2024\/07\/TAMEK.webp\" class=\"attachment-large size-large\" alt=\"\" srcset=\"https:\/\/shanaads.com\/wp-content\/uploads\/2024\/07\/TAMEK.webp 900w, https:\/\/shanaads.com\/wp-content\/uploads\/2024\/07\/TAMEK-750x500.webp 750w, https:\/\/shanaads.com\/wp-content\/uploads\/2024\/07\/TAMEK-600x400.webp 600w, https:\/\/shanaads.com\/wp-content\/uploads\/2024\/07\/TAMEK-300x200.webp 300w, https:\/\/shanaads.com\/wp-content\/uploads\/2024\/07\/TAMEK-768x512.webp 768w\" sizes=\"auto, (max-width: 660px) 100vw, 660px\" \/><\/a><\/div><div class='xtd-person__info'><div class='xtd-person__title h2'><a href='https:\/\/shanaads.com\/about-us\/artist-1\/' title='Ismael Tamek'>Ismael Tamek<span class='h4 color-primary'>PEINTRE<\/span><\/a><\/div><div class='xtd-person__content'><\/div><\/div><\/div>[\/vc_column][vc_column width=\u00a0\u00bb1\/3&Prime;]<div class='xtd-person  '><div class='xtd-person__image color-primary xtd-shadow--normal-light'><a href='https:\/\/shanaads.com\/about-us\/artist-3\/' title='Salvador Tomnyuy'><img loading=\"lazy\" decoding=\"async\" width=\"660\" height=\"440\" src=\"https:\/\/shanaads.com\/wp-content\/uploads\/2024\/07\/Salvador.webp\" class=\"attachment-large size-large\" alt=\"\" srcset=\"https:\/\/shanaads.com\/wp-content\/uploads\/2024\/07\/Salvador.webp 900w, https:\/\/shanaads.com\/wp-content\/uploads\/2024\/07\/Salvador-750x500.webp 750w, https:\/\/shanaads.com\/wp-content\/uploads\/2024\/07\/Salvador-600x400.webp 600w, https:\/\/shanaads.com\/wp-content\/uploads\/2024\/07\/Salvador-300x200.webp 300w, https:\/\/shanaads.com\/wp-content\/uploads\/2024\/07\/Salvador-768x512.webp 768w\" sizes=\"auto, (max-width: 660px) 100vw, 660px\" \/><\/a><\/div><div class='xtd-person__info'><div class='xtd-person__title h2'><a href='https:\/\/shanaads.com\/about-us\/artist-3\/' title='Salvador Tomnyuy'>Salvador Tomnyuy<span class='h4 color-primary'>PEINTRE<\/span><\/a><\/div><div class='xtd-person__content'><\/div><\/div><\/div>[\/vc_column][\/vc_row][vc_row content_placement=\u00a0\u00bbmiddle\u00a0\u00bb curly_padding=\u00a0\u00bbcontent-padding-lg\u00a0\u00bb el_id=\u00a0\u00bbstaff-board\u00a0\u00bb][vc_column width=\u00a0\u00bb7\/12&Prime;][vc_column_text css=\u00a0\u00bb\u00a0\u00bb]\n<h1>\u00c9quipe &#038; Directoire<\/h1>\n<p class=\"lead\">Shanaads est dirig\u00e9 par un directoire de haut niveau et anim\u00e9 par une \u00e9quipe de direction visionnaire, d\u00e9termin\u00e9e \u00e0 \u00e9tablir de nouveaux standards d&rsquo;excellence dans le monde de l&rsquo;art. Sous l&rsquo;impulsion de notre PDG, Edward Yapi, et de notre DGO, William Thompson, notre \u00e9quipe de direction chevronn\u00e9e atteint des sommets.<\/p>\n<p class=\"lead\">La synergie entre nos estim\u00e9s membres du directoire et notre \u00e9quipe de direction cr\u00e9e un endroit propice \u00e0 l&rsquo;innovation et \u00e0 l&rsquo;expression artistique.<\/p>\n[\/vc_column_text][vc_separator css=\u00a0\u00bb\u00a0\u00bb][vc_row_inner gap=\u00a0\u00bb35&Prime;][vc_column_inner width=\u00a0\u00bb1\/2&Prime;][vc_column_text css=\u00a0\u00bb\u00a0\u00bb]\n<h4>DIRECTION G\u00c9N\u00c9RALE<\/h4>\n<p>DIRECTEUR G\u00c9N\u00c9RAL \/ Edward Yapi<br \/>\nDIRECTEUR G\u00c9N\u00c9RAL ADJOINT \/ Eric Tomnyuy<br \/>\nDIRECTEUR FINANCIER \/ David Gbato<br \/>\nDIRECTEUR TECHNIQUE \/ Aim\u00e9 Kouadjo<br \/>\nDIRECTEUR MARKETING \/ Philippe Futa<\/p>\n<h4>ART &#038; BUSINESS D\u00c9VELOPPEMENT<\/h4>\n<p>DIRECTEUR DES VENTES \/ Tony Rufus<br \/>\nCHARG\u00c9 D&rsquo;AFFAIRES \/ Edward Yapi<br \/>\nSP\u00c9CIALISTE EN ART \/ Eric Tomnyuy<br \/>\nCHARG\u00c9 DES CONSIGNATIONS \/ Amanda Fields[\/vc_column_text][\/vc_column_inner][vc_column_inner width=\u00a0\u00bb1\/2&Prime;][vc_column_text css=\u00a0\u00bb\u00a0\u00bb]\n<h4>OP\u00c9RATIONS &#038;\u00a0LOGISTIQUE<\/h4>\n<p>DIRECTEUR DES OP\u00c9RATIONS \/ Ernst Pynchon<br \/>\nRESPONSABLE LOGISTIQUE \/ Daniel Auster<br \/>\nCOORDINATEUR EXP\u00c9DITION \/ William Twain<br \/>\nSP\u00c9CIALISTE EMBALLAGE \/ Tony Miller<br \/>\nRESPONSABLE SERVICE CLIENT \/ Jason Lanzeti<\/p>\n<h4>FINANCE &#038; ADMINISTRATION<\/h4>\n<p>ANALYSTE FINANCIER \/ Adam Scarlett<br \/>\nSP\u00c9CIALISTE PAIE \/ Tony Rufus<br \/>\nDIRECTEUR COMPTABLE \/ Debbie Fox<br \/>\nDIRECTEUR DU PERSONNEL \/ Liz Gaudini[\/vc_column_text][\/vc_column_inner][\/vc_row_inner][\/vc_column][vc_column width=\u00a0\u00bb1\/4&Prime; offset=\u00a0\u00bbvc_col-sm-offset-2&Prime;][vc_single_image image=\u00a0\u00bb300&Prime; img_size=\u00a0\u00bbfull\u00a0\u00bb style=\u00a0\u00bbxtd-shadow&#8211;normal-normal\u00a0\u00bb css=\u00a0\u00bb\u00a0\u00bb el_class=\u00a0\u00bbxtd-offset-frame\u00a0\u00bb][vc_single_image image=\u00a0\u00bb290&Prime; img_size=\u00a0\u00bbfull\u00a0\u00bb style=\u00a0\u00bbxtd-shadow&#8211;normal-normal\u00a0\u00bb css=\u00a0\u00bb.vc_custom_1721227838256{margin-top: -50% !important;margin-right: 4rem !important;margin-left: -4rem !important;}\u00a0\u00bb el_class=\u00a0\u00bbxtd-offset-frame\u00a0\u00bb][\/vc_column][\/vc_row]\n<\/div>","protected":false},"excerpt":{"rendered":"<p>[vc_row full_width=\u00a0\u00bbstretch_row\u00a0\u00bb curly_bg_repeat=\u00a0\u00bbbg-no-repeat\u00a0\u00bb curly_bg_position=\u00a0\u00bbbg-pos-center-bottom\u00a0\u00bb curly_padding=\u00a0\u00bbcontent-padding-lg\u00a0\u00bb css=\u00a0\u00bb.vc_custom_1504179041831{padding-top: 15% !important;background-color: #f5f5f5 !important;background-position: center !important;background-repeat: no-repeat !important;background-size: cover !important;}\u00a0\u00bb][vc_column width=\u00a0\u00bb1\/2&Prime;][vc_empty_space height=\u00a0\u00bb\u00a0\u00bb el_class=\u00a0\u00bbxtd-spacer&#8211;lg\u00a0\u00bb][vc_column_text css=\u00a0\u00bb\u00a0\u00bb] \u00c0 propos [\/vc_column_text][vc_column_text css=\u00a0\u00bb\u00a0\u00bb] Shanaads est une place de march\u00e9 mondiale de premier plan d\u00e9di\u00e9e \u00e0 l&rsquo;art, sous l&rsquo;\u00e9gide de la Fondation Tano Kora. Nous proposons des \u0153uvres d&rsquo;art d&rsquo;exception, avec une attention port\u00e9e aux talents diversifi\u00e9s des artistes africains. [&hellip;]<\/p>\n","protected":false},"author":1,"featured_media":0,"parent":0,"menu_order":0,"comment_status":"closed","ping_status":"closed","template":"","meta":{"footnotes":""},"class_list":["post-212","page","type-page","status-publish","hentry"],"_links":{"self":[{"href":"https:\/\/shanaads.com\/fr\/wp-json\/wp\/v2\/pages\/212","targetHints":{"allow":["GET"]}}],"collection":[{"href":"https:\/\/shanaads.com\/fr\/wp-json\/wp\/v2\/pages"}],"about":[{"href":"https:\/\/shanaads.com\/fr\/wp-json\/wp\/v2\/types\/page"}],"author":[{"embeddable":true,"href":"https:\/\/shanaads.com\/fr\/wp-json\/wp\/v2\/users\/1"}],"replies":[{"embeddable":true,"href":"https:\/\/shanaads.com\/fr\/wp-json\/wp\/v2\/comments?post=212"}],"version-history":[{"count":74,"href":"https:\/\/shanaads.com\/fr\/wp-json\/wp\/v2\/pages\/212\/revisions"}],"predecessor-version":[{"id":1253,"href":"https:\/\/shanaads.com\/fr\/wp-json\/wp\/v2\/pages\/212\/revisions\/1253"}],"wp:attachment":[{"href":"https:\/\/shanaads.com\/fr\/wp-json\/wp\/v2\/media?parent=212"}],"curies":[{"name":"wp","href":"https:\/\/api.w.org\/{rel}","templated":true}]}}