{"id":818,"date":"2024-08-02T20:09:15","date_gmt":"2024-08-02T18:09:15","guid":{"rendered":"https:\/\/shanaads.com\/?post_type=product&#038;p=818"},"modified":"2024-08-29T21:14:09","modified_gmt":"2024-08-29T19:14:09","slug":"thecostoffreedom","status":"publish","type":"product","link":"https:\/\/shanaads.com\/fr\/product\/thecostoffreedom\/","title":{"rendered":"Le Prix de la Libert\u00e9"},"content":{"rendered":"","protected":false},"excerpt":{"rendered":"<p>Deux personnages, tourn\u00e9s vers l&rsquo;avant, se tiennent seuls. Leurs expressions lasses et leur \u00e9puisement physique sugg\u00e8rent le prix de leur voyage.<\/p>\n<p>La composition \u00e9voque \u00e0 la fois un sentiment de triomphe et de d\u00e9sespoir, tandis que les personnages contemplent le prix qu&rsquo;ils ont pay\u00e9 pour leur lib\u00e9ration.<\/p>\n","protected":false},"featured_media":1239,"template":"","meta":[],"product_cat":[],"product_tag":[],"class_list":{"0":"post-818","1":"product","2":"type-product","3":"status-publish","4":"has-post-thumbnail","7":"first","8":"instock","9":"shipping-taxable","10":"purchasable","11":"product-type-simple"},"_links":{"self":[{"href":"https:\/\/shanaads.com\/fr\/wp-json\/wp\/v2\/product\/818","targetHints":{"allow":["GET"]}}],"collection":[{"href":"https:\/\/shanaads.com\/fr\/wp-json\/wp\/v2\/product"}],"about":[{"href":"https:\/\/shanaads.com\/fr\/wp-json\/wp\/v2\/types\/product"}],"wp:featuredmedia":[{"embeddable":true,"href":"https:\/\/shanaads.com\/fr\/wp-json\/wp\/v2\/media\/1239"}],"wp:attachment":[{"href":"https:\/\/shanaads.com\/fr\/wp-json\/wp\/v2\/media?parent=818"}],"wp:term":[{"taxonomy":"product_cat","embeddable":true,"href":"https:\/\/shanaads.com\/fr\/wp-json\/wp\/v2\/product_cat?post=818"},{"taxonomy":"product_tag","embeddable":true,"href":"https:\/\/shanaads.com\/fr\/wp-json\/wp\/v2\/product_tag?post=818"}],"curies":[{"name":"wp","href":"https:\/\/api.w.org\/{rel}","templated":true}]}}