{"id":819,"date":"2024-08-02T20:12:13","date_gmt":"2024-08-02T18:12:13","guid":{"rendered":"https:\/\/shanaads.com\/?post_type=product&#038;p=819"},"modified":"2024-08-29T21:13:20","modified_gmt":"2024-08-29T19:13:20","slug":"laworliberty","status":"publish","type":"product","link":"https:\/\/shanaads.com\/fr\/product\/laworliberty\/","title":{"rendered":"La Loi ou la Libert\u00e9 ?"},"content":{"rendered":"","protected":false},"excerpt":{"rendered":"<p>Deux personnages, tourn\u00e9s vers l&#039;avant et levant les mains en signe de d\u00e9fi, se tiennent \u00e0 un carrefour. Leurs expressions d\u00e9termin\u00e9es et leurs postures oppos\u00e9es symbolisent le conflit \u00e9ternel entre la loi et la libert\u00e9.<\/p>\n<p>La composition \u00e9voque \u00e0 la fois un sentiment d&#039;urgence et d&#039;incertitude, alors que les personnages sont confront\u00e9s \u00e0 la question fondamentale de savoir lequel est le plus important : la primaut\u00e9 du droit ou la poursuite de la libert\u00e9 individuelle.<\/p>\n","protected":false},"featured_media":1240,"template":"","meta":[],"product_cat":[],"product_tag":[],"class_list":{"0":"post-819","1":"product","2":"type-product","3":"status-publish","4":"has-post-thumbnail","7":"first","8":"instock","9":"shipping-taxable","10":"purchasable","11":"product-type-simple"},"_links":{"self":[{"href":"https:\/\/shanaads.com\/fr\/wp-json\/wp\/v2\/product\/819","targetHints":{"allow":["GET"]}}],"collection":[{"href":"https:\/\/shanaads.com\/fr\/wp-json\/wp\/v2\/product"}],"about":[{"href":"https:\/\/shanaads.com\/fr\/wp-json\/wp\/v2\/types\/product"}],"wp:featuredmedia":[{"embeddable":true,"href":"https:\/\/shanaads.com\/fr\/wp-json\/wp\/v2\/media\/1240"}],"wp:attachment":[{"href":"https:\/\/shanaads.com\/fr\/wp-json\/wp\/v2\/media?parent=819"}],"wp:term":[{"taxonomy":"product_cat","embeddable":true,"href":"https:\/\/shanaads.com\/fr\/wp-json\/wp\/v2\/product_cat?post=819"},{"taxonomy":"product_tag","embeddable":true,"href":"https:\/\/shanaads.com\/fr\/wp-json\/wp\/v2\/product_tag?post=819"}],"curies":[{"name":"wp","href":"https:\/\/api.w.org\/{rel}","templated":true}]}}