{"id":820,"date":"2024-08-02T20:14:28","date_gmt":"2024-08-02T18:14:28","guid":{"rendered":"https:\/\/shanaads.com\/?post_type=product&#038;p=820"},"modified":"2024-08-29T21:12:35","modified_gmt":"2024-08-29T19:12:35","slug":"theunionoffreedom","status":"publish","type":"product","link":"https:\/\/shanaads.com\/fr\/product\/theunionoffreedom\/","title":{"rendered":"L&rsquo;Union de la Libert\u00e9"},"content":{"rendered":"","protected":false},"excerpt":{"rendered":"<p>Deux personnages, unis dans leur qu\u00eate de libert\u00e9, se tiennent main dans la main. La lumi\u00e8re rayonnante qui les entoure symbolise l&rsquo;espoir, tandis que leurs expressions d\u00e9termin\u00e9es expriment la solidarit\u00e9.<\/p>\n<p>La composition c\u00e9l\u00e8bre le pouvoir de l&rsquo;action collective pour parvenir \u00e0 la lib\u00e9ration.<\/p>\n","protected":false},"featured_media":1241,"template":"","meta":[],"product_cat":[],"product_tag":[],"class_list":{"0":"post-820","1":"product","2":"type-product","3":"status-publish","4":"has-post-thumbnail","7":"first","8":"instock","9":"shipping-taxable","10":"purchasable","11":"product-type-simple"},"_links":{"self":[{"href":"https:\/\/shanaads.com\/fr\/wp-json\/wp\/v2\/product\/820","targetHints":{"allow":["GET"]}}],"collection":[{"href":"https:\/\/shanaads.com\/fr\/wp-json\/wp\/v2\/product"}],"about":[{"href":"https:\/\/shanaads.com\/fr\/wp-json\/wp\/v2\/types\/product"}],"wp:featuredmedia":[{"embeddable":true,"href":"https:\/\/shanaads.com\/fr\/wp-json\/wp\/v2\/media\/1241"}],"wp:attachment":[{"href":"https:\/\/shanaads.com\/fr\/wp-json\/wp\/v2\/media?parent=820"}],"wp:term":[{"taxonomy":"product_cat","embeddable":true,"href":"https:\/\/shanaads.com\/fr\/wp-json\/wp\/v2\/product_cat?post=820"},{"taxonomy":"product_tag","embeddable":true,"href":"https:\/\/shanaads.com\/fr\/wp-json\/wp\/v2\/product_tag?post=820"}],"curies":[{"name":"wp","href":"https:\/\/api.w.org\/{rel}","templated":true}]}}