{"id":821,"date":"2024-08-02T20:16:59","date_gmt":"2024-08-02T18:16:59","guid":{"rendered":"https:\/\/shanaads.com\/?post_type=product&#038;p=821"},"modified":"2024-08-29T21:11:44","modified_gmt":"2024-08-29T19:11:44","slug":"migrantcombatants01","status":"publish","type":"product","link":"https:\/\/shanaads.com\/fr\/product\/migrantcombatants01\/","title":{"rendered":"Migrant Combattants 01"},"content":{"rendered":"","protected":false},"excerpt":{"rendered":"<p>Deux personnages, face \u00e0 face et main dans la main, se tiennent unis sur un fond de couleurs tourbillonnantes et chaotiques. Leurs expressions d\u00e9termin\u00e9es et leurs poings serr\u00e9s sugg\u00e8rent une r\u00e9sistance farouche \u00e0 l&#039;oppression. Le fond abstrait symbolise le monde turbulent dans lequel ils vivent, rempli de conflits et d&#039;incertitudes.<\/p>\n<p>La composition globale \u00e9voque \u00e0 la fois un sentiment de d\u00e9fi et de solidarit\u00e9, alors que les personnages se tiennent ensemble dans leur lutte pour la survie et la libert\u00e9.<\/p>\n","protected":false},"featured_media":1242,"template":"","meta":[],"product_cat":[],"product_tag":[],"class_list":{"0":"post-821","1":"product","2":"type-product","3":"status-publish","4":"has-post-thumbnail","7":"first","8":"instock","9":"shipping-taxable","10":"purchasable","11":"product-type-simple"},"_links":{"self":[{"href":"https:\/\/shanaads.com\/fr\/wp-json\/wp\/v2\/product\/821","targetHints":{"allow":["GET"]}}],"collection":[{"href":"https:\/\/shanaads.com\/fr\/wp-json\/wp\/v2\/product"}],"about":[{"href":"https:\/\/shanaads.com\/fr\/wp-json\/wp\/v2\/types\/product"}],"wp:featuredmedia":[{"embeddable":true,"href":"https:\/\/shanaads.com\/fr\/wp-json\/wp\/v2\/media\/1242"}],"wp:attachment":[{"href":"https:\/\/shanaads.com\/fr\/wp-json\/wp\/v2\/media?parent=821"}],"wp:term":[{"taxonomy":"product_cat","embeddable":true,"href":"https:\/\/shanaads.com\/fr\/wp-json\/wp\/v2\/product_cat?post=821"},{"taxonomy":"product_tag","embeddable":true,"href":"https:\/\/shanaads.com\/fr\/wp-json\/wp\/v2\/product_tag?post=821"}],"curies":[{"name":"wp","href":"https:\/\/api.w.org\/{rel}","templated":true}]}}