{"id":822,"date":"2024-08-02T20:29:33","date_gmt":"2024-08-02T18:29:33","guid":{"rendered":"https:\/\/shanaads.com\/?post_type=product&#038;p=822"},"modified":"2024-08-29T21:10:55","modified_gmt":"2024-08-29T19:10:55","slug":"insearchoffreedom","status":"publish","type":"product","link":"https:\/\/shanaads.com\/fr\/product\/insearchoffreedom\/","title":{"rendered":"En Qu\u00eate de Libert\u00e9"},"content":{"rendered":"","protected":false},"excerpt":{"rendered":"<p>Deux personnages, tourn\u00e9s vers l&rsquo;avant, se tiennent seuls. Leurs expressions d\u00e9termin\u00e9es et leurs postures tourn\u00e9es vers l&rsquo;avant sugg\u00e8rent une qu\u00eate incessante de libert\u00e9. L&rsquo;absence de paysage ou de ciel souligne l&rsquo;isolement et les d\u00e9fis auxquels ils sont confront\u00e9s au cours de leur voyage.<\/p>\n<p>La composition globale \u00e9voque un sentiment \u00e0 la fois d&rsquo;espoir et de pers\u00e9v\u00e9rance, alors que les personnages s&rsquo;efforcent d&rsquo;atteindre un horizon lointain et inconnu.<\/p>\n","protected":false},"featured_media":1243,"template":"","meta":[],"product_cat":[],"product_tag":[],"class_list":{"0":"post-822","1":"product","2":"type-product","3":"status-publish","4":"has-post-thumbnail","7":"first","8":"instock","9":"shipping-taxable","10":"purchasable","11":"product-type-simple"},"_links":{"self":[{"href":"https:\/\/shanaads.com\/fr\/wp-json\/wp\/v2\/product\/822","targetHints":{"allow":["GET"]}}],"collection":[{"href":"https:\/\/shanaads.com\/fr\/wp-json\/wp\/v2\/product"}],"about":[{"href":"https:\/\/shanaads.com\/fr\/wp-json\/wp\/v2\/types\/product"}],"wp:featuredmedia":[{"embeddable":true,"href":"https:\/\/shanaads.com\/fr\/wp-json\/wp\/v2\/media\/1243"}],"wp:attachment":[{"href":"https:\/\/shanaads.com\/fr\/wp-json\/wp\/v2\/media?parent=822"}],"wp:term":[{"taxonomy":"product_cat","embeddable":true,"href":"https:\/\/shanaads.com\/fr\/wp-json\/wp\/v2\/product_cat?post=822"},{"taxonomy":"product_tag","embeddable":true,"href":"https:\/\/shanaads.com\/fr\/wp-json\/wp\/v2\/product_tag?post=822"}],"curies":[{"name":"wp","href":"https:\/\/api.w.org\/{rel}","templated":true}]}}