{"id":863,"date":"2024-08-03T15:09:28","date_gmt":"2024-08-03T13:09:28","guid":{"rendered":"https:\/\/shanaads.com\/?post_type=product&#038;p=863"},"modified":"2024-08-29T21:10:12","modified_gmt":"2024-08-29T19:10:12","slug":"thirstforfreedom","status":"publish","type":"product","link":"https:\/\/shanaads.com\/fr\/product\/thirstforfreedom\/","title":{"rendered":"Soif de Libert\u00e9"},"content":{"rendered":"","protected":false},"excerpt":{"rendered":"<p>Deux personnages, unis dans leur qu\u00eate de lib\u00e9ration, se tiennent devant un arri\u00e8re-plan aux couleurs vives et ardentes. Leurs bras tendus forment une boule au milieu, symbolisant leur force et leur unit\u00e9 collectives.<\/p>\n<p>Les lignes audacieuses et les coups de pinceau \u00e9nergiques \u00e9voquent les \u00e9motions brutes et les complexit\u00e9s du d\u00e9placement.<\/p>\n","protected":false},"featured_media":1244,"template":"","meta":[],"product_cat":[],"product_tag":[],"class_list":{"0":"post-863","1":"product","2":"type-product","3":"status-publish","4":"has-post-thumbnail","7":"first","8":"instock","9":"shipping-taxable","10":"purchasable","11":"product-type-simple"},"_links":{"self":[{"href":"https:\/\/shanaads.com\/fr\/wp-json\/wp\/v2\/product\/863","targetHints":{"allow":["GET"]}}],"collection":[{"href":"https:\/\/shanaads.com\/fr\/wp-json\/wp\/v2\/product"}],"about":[{"href":"https:\/\/shanaads.com\/fr\/wp-json\/wp\/v2\/types\/product"}],"wp:featuredmedia":[{"embeddable":true,"href":"https:\/\/shanaads.com\/fr\/wp-json\/wp\/v2\/media\/1244"}],"wp:attachment":[{"href":"https:\/\/shanaads.com\/fr\/wp-json\/wp\/v2\/media?parent=863"}],"wp:term":[{"taxonomy":"product_cat","embeddable":true,"href":"https:\/\/shanaads.com\/fr\/wp-json\/wp\/v2\/product_cat?post=863"},{"taxonomy":"product_tag","embeddable":true,"href":"https:\/\/shanaads.com\/fr\/wp-json\/wp\/v2\/product_tag?post=863"}],"curies":[{"name":"wp","href":"https:\/\/api.w.org\/{rel}","templated":true}]}}