{"id":864,"date":"2024-08-03T15:10:05","date_gmt":"2024-08-03T13:10:05","guid":{"rendered":"https:\/\/shanaads.com\/?post_type=product&#038;p=864"},"modified":"2024-08-29T21:08:42","modified_gmt":"2024-08-29T19:08:42","slug":"lightoffreedom","status":"publish","type":"product","link":"https:\/\/shanaads.com\/fr\/product\/lightoffreedom\/","title":{"rendered":"Lumi\u00e8re de Libert\u00e9"},"content":{"rendered":"","protected":false},"excerpt":{"rendered":"<p>Deux personnages, face \u00e0 face, baignent dans une lumi\u00e8re dor\u00e9e et rayonnante, symbolisant l&#039;aube d&#039;une nouvelle \u00e8re. Leurs visages expriment l&#039;espoir et la d\u00e9termination. Les personnages sont entour\u00e9s d&#039;un arri\u00e8re-plan abstrait et vibrant, sugg\u00e9rant un monde de possibilit\u00e9s infinies.<\/p>\n<p>La composition globale \u00e9voque un sentiment d&#039;optimisme et de triomphe, c\u00e9l\u00e9brant l&#039;accession \u00e0 la libert\u00e9 et la promesse d&#039;un avenir meilleur.<\/p>\n","protected":false},"featured_media":1245,"template":"","meta":[],"product_cat":[],"product_tag":[],"class_list":{"0":"post-864","1":"product","2":"type-product","3":"status-publish","4":"has-post-thumbnail","7":"first","8":"instock","9":"sold-individually","10":"shipping-taxable","11":"product-type-auction"},"_links":{"self":[{"href":"https:\/\/shanaads.com\/fr\/wp-json\/wp\/v2\/product\/864","targetHints":{"allow":["GET"]}}],"collection":[{"href":"https:\/\/shanaads.com\/fr\/wp-json\/wp\/v2\/product"}],"about":[{"href":"https:\/\/shanaads.com\/fr\/wp-json\/wp\/v2\/types\/product"}],"wp:featuredmedia":[{"embeddable":true,"href":"https:\/\/shanaads.com\/fr\/wp-json\/wp\/v2\/media\/1245"}],"wp:attachment":[{"href":"https:\/\/shanaads.com\/fr\/wp-json\/wp\/v2\/media?parent=864"}],"wp:term":[{"taxonomy":"product_cat","embeddable":true,"href":"https:\/\/shanaads.com\/fr\/wp-json\/wp\/v2\/product_cat?post=864"},{"taxonomy":"product_tag","embeddable":true,"href":"https:\/\/shanaads.com\/fr\/wp-json\/wp\/v2\/product_tag?post=864"}],"curies":[{"name":"wp","href":"https:\/\/api.w.org\/{rel}","templated":true}]}}